{"id":35,"date":"2024-06-06T17:35:44","date_gmt":"2024-06-06T17:35:44","guid":{"rendered":"https:\/\/kultur-netzwerk-leimen.de\/?page_id=35"},"modified":"2024-06-08T17:53:42","modified_gmt":"2024-06-08T17:53:42","slug":"impressum","status":"publish","type":"page","link":"https:\/\/kultur-netzwerk-leimen.de\/?page_id=35","title":{"rendered":"Impressum"},"content":{"rendered":"<p><em><strong>Anbieter<\/strong><\/em><\/p>\n<p><strong>KulturNetzwerk Leimen e.V.<\/strong><\/p>\n<p style=\"padding-left: 30px;\">Robert Kumler<br \/>\n<em>(1. Vorsitzender)<\/em><br \/>\nFriedlandweg 4<br \/>\n69181 Leimen<\/p>\n<p style=\"padding-left: 30px;\">Hans-J\u00fcrgen Metzner<br \/>\n<em>(2. Vorsitzender, Mitgliederverwaltung)<\/em><br \/>\nTalstra\u00dfe 19<br \/>\n69181 Leimen<\/p>\n<p style=\"padding-left: 30px;\">E-Mail: vorstand@kultur-netzwerk-leimen.de<br \/>\nInternet: www.kultur-netzwerk-leimen.de<\/p>\n<p><em><strong>Technische Fragen<\/strong><\/em><\/p>\n<p style=\"padding-left: 30px;\">Dietmar Cramer<br \/>\neMail: admin@kultur-netzwerk-leimen.de<\/p>\n<h4><em><strong>Urheberrecht<\/strong><\/em><\/h4>\n<p>Inhalte: Soweit Inhalte namentlich gekennzeichnet sind, liegt das Urheberrecht daran beim jeweiligen Autor. Nicht namentlich gekennzeichnete Inhalte sind als gemeinschaftliches Werk der Mitglieder des Vereins <strong>&#8222;KulturNetzwerk Leimen e.V.&#8220;<\/strong> anzusehen.<\/p>\n<p>Bei Problemen: Sollten Sie eine Urheberrechtsverletzung festgestellt haben, oder Grund zu der Annahme haben, dass eine solche auf unseren Seiten vorliegt, so bitten wir freundlich um eine Nachricht an den Webmaster oder einen Anderen der oben angegebenen Ansprechpartner. Wir weisen weiterhin darauf hin, dass es nicht in unserem Sinne ist, ohne vorherige Kontaktaufnahme kostenpflichtig abgemahnt zu werden, noch nicht einmal in unserem mutma\u00dflichen Sinne.<\/p>\n<h4><strong><em>Zur Frage der Linkhaftung<\/em><\/strong><\/h4>\n<p>Der Verein <strong>&#8222;KulturNetzwerk Leimen e.V.&#8220;<\/strong> ist als Inhaltsanbieter nach \u00a7 6 Abs.1 Mediendienste-Staatsvertrag f\u00fcr die &#8222;eigenen Inhalte&#8220;, die er zur Nutzung bereith\u00e4lt, nach den allgemeinen Gesetzen verantwortlich. Von diesen eigenen Inhalten sind Querverweise (&#8222;Links&#8220;) auf die von anderen Anbietern bereitgehaltenen Inhalte zu unterscheiden. Durch den Querverweis h\u00e4lt der Verein <strong>&#8222;KulturNetzwerk Leimen e.V.&#8220;<\/strong> insofern &#8222;fremde Inhalte&#8220; zur Nutzung bereit.<\/p>\n<p>Bei &#8222;Links&#8220; handelt es sich stets um &#8222;lebende&#8220; (dynamische) Verweise. Der Verein <strong>&#8222;KulturNetzwerk Leimen e.V.&#8220;<\/strong> hat bei der erstmaligen Verkn\u00fcpfung zwar den fremden Inhalt daraufhin \u00fcberpr\u00fcft, ob durch ihn eine m\u00f6gliche zivilrechtliche oder strafrechtliche Verantwortlichkeit ausgel\u00f6st wird, er \u00fcberpr\u00fcft aber die Inhalte, auf die er in seinem Angebot verweist, nicht st\u00e4ndig auf Ver\u00e4nderungen, die eine Verantwortlichkeit neu begr\u00fcnden k\u00f6nnten. Wenn er feststellt oder von anderen darauf hingewiesen wird, dass ein konkretes Angebot, zu dem er einen Link bereitgestellt hat, eine zivil- oder strafrechtliche Verantwortlichkeit ausl\u00f6st, wird er den Verweis auf dieses Angebot aufheben.<\/p>\n<p><a href=\"https:\/\/kultur-netzwerk-leimen.de\/?page_id=39\">Datenschutz<\/a><\/p>\n<header class=\"entry-header\"><\/header>\n<div class=\"entry-content\">\n<p>&nbsp;<\/p>\n<\/div>\n","protected":false},"excerpt":{"rendered":"<p>Anbieter KulturNetzwerk Leimen e.V. Robert Kumler (1. Vorsitzender) Friedlandweg 4 69181 Leimen Hans-J\u00fcrgen Metzner (2. Vorsitzender, Mitgliederverwaltung) Talstra\u00dfe &#8230; <a class=\"more-link\" href=\"https:\/\/kultur-netzwerk-leimen.de\/?page_id=35\">Read More &raquo;<\/a><\/p>\n","protected":false},"author":1,"featured_media":0,"parent":0,"menu_order":1,"comment_status":"closed","ping_status":"closed","template":"","meta":{"give_campaign_id":0,"footnotes":""},"class_list":["post-35","page","type-page","status-publish","hentry"],"campaignId":"","_links":{"self":[{"href":"https:\/\/kultur-netzwerk-leimen.de\/index.php?rest_route=\/wp\/v2\/pages\/35","targetHints":{"allow":["GET"]}}],"collection":[{"href":"https:\/\/kultur-netzwerk-leimen.de\/index.php?rest_route=\/wp\/v2\/pages"}],"about":[{"href":"https:\/\/kultur-netzwerk-leimen.de\/index.php?rest_route=\/wp\/v2\/types\/page"}],"author":[{"embeddable":true,"href":"https:\/\/kultur-netzwerk-leimen.de\/index.php?rest_route=\/wp\/v2\/users\/1"}],"replies":[{"embeddable":true,"href":"https:\/\/kultur-netzwerk-leimen.de\/index.php?rest_route=%2Fwp%2Fv2%2Fcomments&post=35"}],"version-history":[{"count":5,"href":"https:\/\/kultur-netzwerk-leimen.de\/index.php?rest_route=\/wp\/v2\/pages\/35\/revisions"}],"predecessor-version":[{"id":951,"href":"https:\/\/kultur-netzwerk-leimen.de\/index.php?rest_route=\/wp\/v2\/pages\/35\/revisions\/951"}],"wp:attachment":[{"href":"https:\/\/kultur-netzwerk-leimen.de\/index.php?rest_route=%2Fwp%2Fv2%2Fmedia&parent=35"}],"curies":[{"name":"wp","href":"https:\/\/api.w.org\/{rel}","templated":true}]}}