{"id":25,"date":"2024-06-06T17:32:29","date_gmt":"2024-06-06T17:32:29","guid":{"rendered":"https:\/\/kultur-netzwerk-leimen.de\/?page_id=25"},"modified":"2026-04-15T12:52:20","modified_gmt":"2026-04-15T12:52:20","slug":"kulturhochzehn","status":"publish","type":"page","link":"https:\/\/kultur-netzwerk-leimen.de\/?page_id=25","title":{"rendered":"KulturHochZehn"},"content":{"rendered":"<p><img loading=\"lazy\" decoding=\"async\" class=\"wp-image-2353 alignleft\" src=\"https:\/\/kultur-netzwerk-leimen.de\/wp-content\/uploads\/2026\/04\/Plakat-Kultur-Hoch-Zehn_NeueDomain-scaled.jpg\" alt=\"\" width=\"303\" height=\"429\" srcset=\"https:\/\/kultur-netzwerk-leimen.de\/wp-content\/uploads\/2026\/04\/Plakat-Kultur-Hoch-Zehn_NeueDomain-scaled.jpg 1809w, https:\/\/kultur-netzwerk-leimen.de\/wp-content\/uploads\/2026\/04\/Plakat-Kultur-Hoch-Zehn_NeueDomain-212x300.jpg 212w, https:\/\/kultur-netzwerk-leimen.de\/wp-content\/uploads\/2026\/04\/Plakat-Kultur-Hoch-Zehn_NeueDomain-724x1024.jpg 724w, https:\/\/kultur-netzwerk-leimen.de\/wp-content\/uploads\/2026\/04\/Plakat-Kultur-Hoch-Zehn_NeueDomain-768x1087.jpg 768w, https:\/\/kultur-netzwerk-leimen.de\/wp-content\/uploads\/2026\/04\/Plakat-Kultur-Hoch-Zehn_NeueDomain-1085x1536.jpg 1085w, https:\/\/kultur-netzwerk-leimen.de\/wp-content\/uploads\/2026\/04\/Plakat-Kultur-Hoch-Zehn_NeueDomain-1447x2048.jpg 1447w, https:\/\/kultur-netzwerk-leimen.de\/wp-content\/uploads\/2026\/04\/Plakat-Kultur-Hoch-Zehn_NeueDomain-940x1330.jpg 940w\" sizes=\"auto, (max-width: 303px) 100vw, 303px\" \/>In diesem Jahr feierte das KulturNetzwerk Leimen e.V. sein 10-j\u00e4hriges Bestehen mit einer ganzt\u00e4gigen Veranstaltung am Sonntag den 16.Juni 2024.<\/p>\n<p>Im KulturNetzwerk haben sich die Leimener Kulturschaffenden Vereine und Organisationen zusammengeschlossen, um zur Belebung des Leimener Kulturgeschehens beizutragen.<\/p>\n<p>Rund 20 Mitgliedsvereine und Organisationen boten an diesem Tag ein abwechslungsreiches Programm bei freiem Eintritt f\u00fcr Jung und Alt. Dazu fanden in Leimen-Mitte an verschiedenen Orten Konzerte, Ausstellungen, Themen-F\u00fchrungen, sowie kleine Theatervorf\u00fchrungen, ein Kinderprogramm und Mitmach-Aktionen statt.<\/p>\n<p><a href=\"https:\/\/kultur-netzwerk-leimen.de\/?page_id=1113\">R\u00fcckblick \u2013 KulturHochZehn \u2013 Bilder<\/a><\/p>\n<p><a href=\"https:\/\/kultur-netzwerk-leimen.de\/?page_id=27\">KulturHochZehn \u2013 Programm<\/a><\/p>\n<p><a href=\"https:\/\/kultur-netzwerk-leimen.de\/?page_id=31\">KulturHochZehn \u2013 Spielst\u00e4ttenplan<\/a><\/p>\n<p><a href=\"https:\/\/kultur-netzwerk-leimen.de\/?page_id=29\">KulturHochZehn \u2013 Programmheft 16.06.2024<\/a><\/p>\n<p>&nbsp;<\/p>\n","protected":false},"excerpt":{"rendered":"<p>In diesem Jahr feierte das KulturNetzwerk Leimen e.V. sein 10-j\u00e4hriges Bestehen mit einer ganzt\u00e4gigen Veranstaltung am Sonntag den &#8230; <a class=\"more-link\" href=\"https:\/\/kultur-netzwerk-leimen.de\/?page_id=25\">Read More &raquo;<\/a><\/p>\n","protected":false},"author":1,"featured_media":516,"parent":0,"menu_order":0,"comment_status":"closed","ping_status":"closed","template":"no-sidebar.php","meta":{"give_campaign_id":0,"footnotes":""},"class_list":["post-25","page","type-page","status-publish","has-post-thumbnail","hentry"],"campaignId":"","_links":{"self":[{"href":"https:\/\/kultur-netzwerk-leimen.de\/index.php?rest_route=\/wp\/v2\/pages\/25","targetHints":{"allow":["GET"]}}],"collection":[{"href":"https:\/\/kultur-netzwerk-leimen.de\/index.php?rest_route=\/wp\/v2\/pages"}],"about":[{"href":"https:\/\/kultur-netzwerk-leimen.de\/index.php?rest_route=\/wp\/v2\/types\/page"}],"author":[{"embeddable":true,"href":"https:\/\/kultur-netzwerk-leimen.de\/index.php?rest_route=\/wp\/v2\/users\/1"}],"replies":[{"embeddable":true,"href":"https:\/\/kultur-netzwerk-leimen.de\/index.php?rest_route=%2Fwp%2Fv2%2Fcomments&post=25"}],"version-history":[{"count":9,"href":"https:\/\/kultur-netzwerk-leimen.de\/index.php?rest_route=\/wp\/v2\/pages\/25\/revisions"}],"predecessor-version":[{"id":2354,"href":"https:\/\/kultur-netzwerk-leimen.de\/index.php?rest_route=\/wp\/v2\/pages\/25\/revisions\/2354"}],"wp:featuredmedia":[{"embeddable":true,"href":"https:\/\/kultur-netzwerk-leimen.de\/index.php?rest_route=\/wp\/v2\/media\/516"}],"wp:attachment":[{"href":"https:\/\/kultur-netzwerk-leimen.de\/index.php?rest_route=%2Fwp%2Fv2%2Fmedia&parent=25"}],"curies":[{"name":"wp","href":"https:\/\/api.w.org\/{rel}","templated":true}]}}